{"id":9,"date":"2023-06-22T11:06:07","date_gmt":"2023-06-22T11:06:07","guid":{"rendered":"https:\/\/dev-betreuung-constantin.justdo-it.at\/?page_id=9"},"modified":"2023-08-18T08:16:57","modified_gmt":"2023-08-18T08:16:57","slug":"home","status":"publish","type":"page","link":"https:\/\/constantin24h.com\/","title":{"rendered":"Home"},"content":{"rendered":"<h1>Vermittlung f\u00fcr 24h-Betreuung<\/h1>\n<p><img loading=\"lazy\" decoding=\"async\" width=\"800\" height=\"534\" src=\"https:\/\/constantin24h.com\/wp-content\/uploads\/2023\/06\/DSC_4804-1024x684.jpg\" alt=\"\" loading=\"lazy\" srcset=\"https:\/\/constantin24h.com\/wp-content\/uploads\/2023\/06\/DSC_4804-1024x684.jpg 1024w, https:\/\/constantin24h.com\/wp-content\/uploads\/2023\/06\/DSC_4804-300x200.jpg 300w, https:\/\/constantin24h.com\/wp-content\/uploads\/2023\/06\/DSC_4804-768x513.jpg 768w, https:\/\/constantin24h.com\/wp-content\/uploads\/2023\/06\/DSC_4804-1536x1025.jpg 1536w, https:\/\/constantin24h.com\/wp-content\/uploads\/2023\/06\/DSC_4804-2048x1367.jpg 2048w\" sizes=\"auto, (max-width: 800px) 100vw, 800px\" \/><\/p>\n<h2>Dienstleistungen<\/h2>\n<p>Wir vermitteln diplomiertes Pflegepersonal aus Rum\u00e4nien:<\/p>\n<ul>\n<li>bestens geschult<\/li>\n<li>mit Erfahrung<\/li>\n<li>verl\u00e4sslich<\/li>\n<li>vertrauensw\u00fcrdig<\/li>\n<li>liebevoll im Umgang<\/li>\n<li>gute Deutschkenntnisse<\/li>\n<\/ul>\n<h2>\u00dcber mich<\/h2>\n<h6 align=\"left\">Cristian-Vasile Constatin<\/h6>\n<p align=\"left\">In Rum\u00e4nien geboren, bin ich 2007 nach Paudorf gekommen, um hier als 24h Betreuer t\u00e4tig zu sein; sp\u00e4ter habe ich meine Frau und die Kinder nachgeholt.<\/p>\n<p align=\"left\">Nach mehrj\u00e4hriger Betreuert\u00e4tigkeit war ich Angestellter des Stiftes G\u00f6ttweig.<u><\/u><\/p>\n<p align=\"left\">Da mir das Wohl hilfsbed\u00fcrftiger Menschen am Herzen liegt und ich weiterhin gute Kontakte zu diplomierten Pflegerinnen und Pfleger in meiner Heimat besitze, habe ich 2023 eine Vermittlungsfirma f\u00fcr 24h Betreuung gegr\u00fcndet.<\/p>\n<p>\t\t\t\t\t\t\t\t\t\t\t\t\t\t\t<img loading=\"lazy\" decoding=\"async\" width=\"2560\" height=\"1707\" src=\"https:\/\/constantin24h.com\/wp-content\/uploads\/2023\/07\/claudia-love-L30rgHYSyuU-unsplash-scaled.jpg\" alt=\"\" loading=\"lazy\" srcset=\"https:\/\/constantin24h.com\/wp-content\/uploads\/2023\/07\/claudia-love-L30rgHYSyuU-unsplash-scaled.jpg 2560w, https:\/\/constantin24h.com\/wp-content\/uploads\/2023\/07\/claudia-love-L30rgHYSyuU-unsplash-300x200.jpg 300w, https:\/\/constantin24h.com\/wp-content\/uploads\/2023\/07\/claudia-love-L30rgHYSyuU-unsplash-1024x683.jpg 1024w, https:\/\/constantin24h.com\/wp-content\/uploads\/2023\/07\/claudia-love-L30rgHYSyuU-unsplash-768x512.jpg 768w, https:\/\/constantin24h.com\/wp-content\/uploads\/2023\/07\/claudia-love-L30rgHYSyuU-unsplash-1536x1024.jpg 1536w, https:\/\/constantin24h.com\/wp-content\/uploads\/2023\/07\/claudia-love-L30rgHYSyuU-unsplash-2048x1365.jpg 2048w\" sizes=\"auto, (max-width: 2560px) 100vw, 2560px\" \/><\/p>\n<h2>Pflegestufen<\/h2>\n<p>Stufe 4<\/p>\n<p>Pflegegeld\/Monat: Angebot ab 2.500,00 \u20ac<\/p>\n<p>Pflegezuschuss: 500,00 \u20ac<\/p>\n<p>Stufe 5<\/p>\n<p>Pflegegeld\/Monat: 951,00 \u20ac<\/p>\n<p>Pflegezuschuss: 500,00 \u20ac<\/p>\n<p>Stufe 6<\/p>\n<p>Pflegegeld\/Monat: 700,10 \u20ac<\/p>\n<p>Pflegezuschuss: 500,00 \u20ac<\/p>\n<p>Stufe 7<\/p>\n<p>Pflegegeld\/Monat: 1.700,10 \u20ac<\/p>\n<p>Pflegezuschuss: 500,00 \u20ac<\/p>\n<h2>Kontakt<\/h2>\n<p><strong>Name: <\/strong>Cristian Constantin<\/p>\n<p><strong>Telefon:<\/strong> +43 676 59 83 601<\/p>\n<p><b>Adresse:<\/b> Gartengasse 67\/1\/3, 3508 Paudorf<\/p>\n<p><strong>E-Mail:<\/strong> constantincristian1974@gmail.com<\/p>\n<p><strong>\u00d6ffnungszeiten:<\/strong>&nbsp; Mo\u2013Fr von 07:00\u201320:00 Uhr<\/p>\n<p><iframe loading=\"lazy\"\n\t\t\t\t\tsrc=\"https:\/\/maps.google.com\/maps?q=Gartengasse%2067%2F1%2F3%2C%203508%20Paudorf&#038;t=m&#038;z=11&#038;output=embed&#038;iwloc=near\"\n\t\t\t\t\ttitle=\"Gartengasse 67\/1\/3, 3508 Paudorf\"\n\t\t\t\t\taria-label=\"Gartengasse 67\/1\/3, 3508 Paudorf\"\n\t\t\t><\/iframe><\/p>\n","protected":false},"excerpt":{"rendered":"<p>Vermittlung f\u00fcr 24h-Betreuung Dienstleistungen Wir vermitteln diplomiertes Pflegepersonal aus Rum\u00e4nien: bestens geschult mit Erfahrung verl\u00e4sslich vertrauensw\u00fcrdig liebevoll im Umgang gute Deutschkenntnisse \u00dcber mich Cristian-Vasile Constatin In Rum\u00e4nien geboren, bin ich 2007 nach Paudorf gekommen, um hier als 24h Betreuer t\u00e4tig zu sein; sp\u00e4ter habe ich meine Frau und die Kinder nachgeholt. Nach mehrj\u00e4hriger Betreuert\u00e4tigkeit war [&hellip;]<\/p>\n","protected":false},"author":1,"featured_media":0,"parent":0,"menu_order":0,"comment_status":"closed","ping_status":"closed","template":"","meta":{"footnotes":""},"class_list":["post-9","page","type-page","status-publish","hentry"],"yoast_head":"<!-- This site is optimized with the Yoast SEO plugin v27.5 - https:\/\/yoast.com\/product\/yoast-seo-wordpress\/ -->\n<title>Home - Cristian-Vasile Constantin<\/title>\n<meta name=\"robots\" content=\"index, follow, max-snippet:-1, max-image-preview:large, max-video-preview:-1\" \/>\n<link rel=\"canonical\" href=\"https:\/\/constantin24h.com\/\" \/>\n<meta property=\"og:locale\" content=\"de_DE\" \/>\n<meta property=\"og:type\" content=\"article\" \/>\n<meta property=\"og:title\" content=\"Home - Cristian-Vasile Constantin\" \/>\n<meta property=\"og:description\" content=\"Vermittlung f\u00fcr 24h-Betreuung Dienstleistungen Wir vermitteln diplomiertes Pflegepersonal aus Rum\u00e4nien: bestens geschult mit Erfahrung verl\u00e4sslich vertrauensw\u00fcrdig liebevoll im Umgang gute Deutschkenntnisse \u00dcber mich Cristian-Vasile Constatin In Rum\u00e4nien geboren, bin ich 2007 nach Paudorf gekommen, um hier als 24h Betreuer t\u00e4tig zu sein; sp\u00e4ter habe ich meine Frau und die Kinder nachgeholt. Nach mehrj\u00e4hriger Betreuert\u00e4tigkeit war [&hellip;]\" \/>\n<meta property=\"og:url\" content=\"https:\/\/constantin24h.com\/\" \/>\n<meta property=\"og:site_name\" content=\"Cristian-Vasile Constantin\" \/>\n<meta property=\"article:modified_time\" content=\"2023-08-18T08:16:57+00:00\" \/>\n<meta property=\"og:image\" content=\"https:\/\/constantin24h.com\/wp-content\/uploads\/2023\/06\/DSC_4804-1024x684.jpg\" \/>\n<meta name=\"twitter:card\" content=\"summary_large_image\" \/>\n<meta name=\"twitter:label1\" content=\"Gesch\u00e4tzte Lesezeit\" \/>\n\t<meta name=\"twitter:data1\" content=\"2\u00a0Minuten\" \/>\n<script type=\"application\/ld+json\" class=\"yoast-schema-graph\">{\"@context\":\"https:\\\/\\\/schema.org\",\"@graph\":[{\"@type\":\"WebPage\",\"@id\":\"https:\\\/\\\/constantin24h.com\\\/\",\"url\":\"https:\\\/\\\/constantin24h.com\\\/\",\"name\":\"Home - Cristian-Vasile Constantin\",\"isPartOf\":{\"@id\":\"https:\\\/\\\/constantin24h.com\\\/#website\"},\"primaryImageOfPage\":{\"@id\":\"https:\\\/\\\/constantin24h.com\\\/#primaryimage\"},\"image\":{\"@id\":\"https:\\\/\\\/constantin24h.com\\\/#primaryimage\"},\"thumbnailUrl\":\"https:\\\/\\\/constantin24h.com\\\/wp-content\\\/uploads\\\/2023\\\/06\\\/DSC_4804-1024x684.jpg\",\"datePublished\":\"2023-06-22T11:06:07+00:00\",\"dateModified\":\"2023-08-18T08:16:57+00:00\",\"breadcrumb\":{\"@id\":\"https:\\\/\\\/constantin24h.com\\\/#breadcrumb\"},\"inLanguage\":\"de\",\"potentialAction\":[{\"@type\":\"ReadAction\",\"target\":[\"https:\\\/\\\/constantin24h.com\\\/\"]}]},{\"@type\":\"ImageObject\",\"inLanguage\":\"de\",\"@id\":\"https:\\\/\\\/constantin24h.com\\\/#primaryimage\",\"url\":\"https:\\\/\\\/constantin24h.com\\\/wp-content\\\/uploads\\\/2023\\\/06\\\/DSC_4804-scaled.jpg\",\"contentUrl\":\"https:\\\/\\\/constantin24h.com\\\/wp-content\\\/uploads\\\/2023\\\/06\\\/DSC_4804-scaled.jpg\",\"width\":2560,\"height\":1709},{\"@type\":\"BreadcrumbList\",\"@id\":\"https:\\\/\\\/constantin24h.com\\\/#breadcrumb\",\"itemListElement\":[{\"@type\":\"ListItem\",\"position\":1,\"name\":\"Startseite\",\"item\":\"https:\\\/\\\/constantin24h.com\\\/\"},{\"@type\":\"ListItem\",\"position\":2,\"name\":\"Home\"}]},{\"@type\":\"WebSite\",\"@id\":\"https:\\\/\\\/constantin24h.com\\\/#website\",\"url\":\"https:\\\/\\\/constantin24h.com\\\/\",\"name\":\"Cristian-Vasile Constantin\",\"description\":\"\",\"potentialAction\":[{\"@type\":\"SearchAction\",\"target\":{\"@type\":\"EntryPoint\",\"urlTemplate\":\"https:\\\/\\\/constantin24h.com\\\/?s={search_term_string}\"},\"query-input\":{\"@type\":\"PropertyValueSpecification\",\"valueRequired\":true,\"valueName\":\"search_term_string\"}}],\"inLanguage\":\"de\"}]}<\/script>\n<!-- \/ Yoast SEO plugin. -->","yoast_head_json":{"title":"Home - Cristian-Vasile Constantin","robots":{"index":"index","follow":"follow","max-snippet":"max-snippet:-1","max-image-preview":"max-image-preview:large","max-video-preview":"max-video-preview:-1"},"canonical":"https:\/\/constantin24h.com\/","og_locale":"de_DE","og_type":"article","og_title":"Home - Cristian-Vasile Constantin","og_description":"Vermittlung f\u00fcr 24h-Betreuung Dienstleistungen Wir vermitteln diplomiertes Pflegepersonal aus Rum\u00e4nien: bestens geschult mit Erfahrung verl\u00e4sslich vertrauensw\u00fcrdig liebevoll im Umgang gute Deutschkenntnisse \u00dcber mich Cristian-Vasile Constatin In Rum\u00e4nien geboren, bin ich 2007 nach Paudorf gekommen, um hier als 24h Betreuer t\u00e4tig zu sein; sp\u00e4ter habe ich meine Frau und die Kinder nachgeholt. Nach mehrj\u00e4hriger Betreuert\u00e4tigkeit war [&hellip;]","og_url":"https:\/\/constantin24h.com\/","og_site_name":"Cristian-Vasile Constantin","article_modified_time":"2023-08-18T08:16:57+00:00","og_image":[{"url":"https:\/\/constantin24h.com\/wp-content\/uploads\/2023\/06\/DSC_4804-1024x684.jpg","type":"","width":"","height":""}],"twitter_card":"summary_large_image","twitter_misc":{"Gesch\u00e4tzte Lesezeit":"2\u00a0Minuten"},"schema":{"@context":"https:\/\/schema.org","@graph":[{"@type":"WebPage","@id":"https:\/\/constantin24h.com\/","url":"https:\/\/constantin24h.com\/","name":"Home - Cristian-Vasile Constantin","isPartOf":{"@id":"https:\/\/constantin24h.com\/#website"},"primaryImageOfPage":{"@id":"https:\/\/constantin24h.com\/#primaryimage"},"image":{"@id":"https:\/\/constantin24h.com\/#primaryimage"},"thumbnailUrl":"https:\/\/constantin24h.com\/wp-content\/uploads\/2023\/06\/DSC_4804-1024x684.jpg","datePublished":"2023-06-22T11:06:07+00:00","dateModified":"2023-08-18T08:16:57+00:00","breadcrumb":{"@id":"https:\/\/constantin24h.com\/#breadcrumb"},"inLanguage":"de","potentialAction":[{"@type":"ReadAction","target":["https:\/\/constantin24h.com\/"]}]},{"@type":"ImageObject","inLanguage":"de","@id":"https:\/\/constantin24h.com\/#primaryimage","url":"https:\/\/constantin24h.com\/wp-content\/uploads\/2023\/06\/DSC_4804-scaled.jpg","contentUrl":"https:\/\/constantin24h.com\/wp-content\/uploads\/2023\/06\/DSC_4804-scaled.jpg","width":2560,"height":1709},{"@type":"BreadcrumbList","@id":"https:\/\/constantin24h.com\/#breadcrumb","itemListElement":[{"@type":"ListItem","position":1,"name":"Startseite","item":"https:\/\/constantin24h.com\/"},{"@type":"ListItem","position":2,"name":"Home"}]},{"@type":"WebSite","@id":"https:\/\/constantin24h.com\/#website","url":"https:\/\/constantin24h.com\/","name":"Cristian-Vasile Constantin","description":"","potentialAction":[{"@type":"SearchAction","target":{"@type":"EntryPoint","urlTemplate":"https:\/\/constantin24h.com\/?s={search_term_string}"},"query-input":{"@type":"PropertyValueSpecification","valueRequired":true,"valueName":"search_term_string"}}],"inLanguage":"de"}]}},"_links":{"self":[{"href":"https:\/\/constantin24h.com\/index.php?rest_route=\/wp\/v2\/pages\/9","targetHints":{"allow":["GET"]}}],"collection":[{"href":"https:\/\/constantin24h.com\/index.php?rest_route=\/wp\/v2\/pages"}],"about":[{"href":"https:\/\/constantin24h.com\/index.php?rest_route=\/wp\/v2\/types\/page"}],"author":[{"embeddable":true,"href":"https:\/\/constantin24h.com\/index.php?rest_route=\/wp\/v2\/users\/1"}],"replies":[{"embeddable":true,"href":"https:\/\/constantin24h.com\/index.php?rest_route=%2Fwp%2Fv2%2Fcomments&post=9"}],"version-history":[{"count":215,"href":"https:\/\/constantin24h.com\/index.php?rest_route=\/wp\/v2\/pages\/9\/revisions"}],"predecessor-version":[{"id":306,"href":"https:\/\/constantin24h.com\/index.php?rest_route=\/wp\/v2\/pages\/9\/revisions\/306"}],"wp:attachment":[{"href":"https:\/\/constantin24h.com\/index.php?rest_route=%2Fwp%2Fv2%2Fmedia&parent=9"}],"curies":[{"name":"wp","href":"https:\/\/api.w.org\/{rel}","templated":true}]}}